{"id":3007,"date":"2013-06-15T15:01:39","date_gmt":"2013-06-15T15:01:39","guid":{"rendered":"https:\/\/peaksel.com\/guid\/4595301c833619c7a69669880371c817889ba505"},"modified":"2021-03-25T09:28:51","modified_gmt":"2021-03-25T09:28:51","slug":"propos-de-nous","status":"publish","type":"page","link":"https:\/\/peaksel.com\/fr\/propos-de-nous\/","title":{"rendered":"\u00c0 propos de nous"},"content":{"rendered":"<p>Peaksel est une soci\u00e9t\u00e9 de d\u00e9veloppement et d&rsquo;\u00e9dition d&rsquo;applications et de jeux mobiles bas\u00e9e \u00e0 Nis, en Serbie.<\/p>\n<p>La soci\u00e9t\u00e9 a \u00e9t\u00e9 fond\u00e9e en 2012 et compte aujourd&rsquo;hui une 60 d&#8217;employ\u00e9s et dispose d&rsquo;un portefeuille de plus de 300 applications et jeux mobiles. Peaksel est une soci\u00e9t\u00e9 priv\u00e9e et exploite ses b\u00e9n\u00e9fices sans investisseurs ext\u00e9rieurs \u00e0 ce jour.<\/p>\n<h2>Que faisons nous?<\/h2>\n<p>Nous sommes sp\u00e9cialis\u00e9s dans la cr\u00e9ation, l&rsquo;\u00e9dition et la commercialisation des jeux et des applications pour les appareils Android et iOS.<br \/>\nLa plupart de nos projets sont r\u00e9alis\u00e9s uniquement par notre \u00e9quipe &#8211; d\u00e8s la conception d\u2019id\u00e9e au produit final. Concernant la monetisation et la distribution de nos applications, nous cr\u00e9eons des partenariats avec les entreprises partout dans le monde. Si vous \u00eates int\u00e9ress\u00e9 \u00e0 voir la liste de nos partenaires les plus proches veuillez consulter la page \u2018<a href=\"https:\/\/peaksel.com\/fr\/partenaires\">partenaires<\/a>\u2019.<\/p>\n<h2>Notre \u00e9quipe<\/h2>\n<p>Aucun d&rsquo;entre nous n\u2019est aussi bon individuellement que nous sommes tous ensemble. Tous les membres de notre \u00e9quipe sont des professionnels hautement qualifi\u00e9s et dipl\u00f4m\u00e9s dans les domaines pertinents, la programmation, l&rsquo;art, la conception, la traduction professionnelle, le marketing, etc. Dot\u00e9 de l\u2019aptitude d\u2019apprentissage rapide, du travail acharn\u00e9 et surtout le travail d\u2019\u00e9quipe, nous permet d\u2019\u00eatre toujours au top.<\/p>\n","protected":false},"excerpt":{"rendered":"<p>Peaksel est une soci\u00e9t\u00e9 de d\u00e9veloppement et d&rsquo;\u00e9dition d&rsquo;applications et de jeux mobiles bas\u00e9e \u00e0 Nis, en Serbie. La soci\u00e9t\u00e9 a \u00e9t\u00e9 fond\u00e9e en 2012 et compte aujourd&rsquo;hui une 60 d&#8217;employ\u00e9s et dispose d&rsquo;un portefeuille de plus de 300 applications et jeux mobiles. Peaksel est une soci\u00e9t\u00e9 priv\u00e9e et exploite ses b\u00e9n\u00e9fices sans investisseurs ext\u00e9rieurs<\/p>\n","protected":false},"author":9,"featured_media":0,"parent":0,"menu_order":0,"comment_status":"open","ping_status":"open","template":"page-about.php","meta":{"_acf_changed":false,"inline_featured_image":false,"footnotes":""},"class_list":["post-3007","page","type-page","status-publish","hentry"],"acf":[],"yoast_head":"<!-- This site is optimized with the Yoast SEO plugin v27.4 - https:\/\/yoast.com\/product\/yoast-seo-wordpress\/ -->\n<title>\u00c0 propos de nous - Peaksel<\/title>\n<meta name=\"robots\" content=\"index, follow, max-snippet:-1, max-image-preview:large, max-video-preview:-1\" \/>\n<link rel=\"canonical\" href=\"https:\/\/peaksel.com\/fr\/propos-de-nous\/\" \/>\n<meta property=\"og:locale\" content=\"fr_FR\" \/>\n<meta property=\"og:type\" content=\"article\" \/>\n<meta property=\"og:title\" content=\"\u00c0 propos de nous - Peaksel\" \/>\n<meta property=\"og:description\" content=\"Peaksel est une soci\u00e9t\u00e9 de d\u00e9veloppement et d&rsquo;\u00e9dition d&rsquo;applications et de jeux mobiles bas\u00e9e \u00e0 Nis, en Serbie. La soci\u00e9t\u00e9 a \u00e9t\u00e9 fond\u00e9e en 2012 et compte aujourd&rsquo;hui une 60 d&#8217;employ\u00e9s et dispose d&rsquo;un portefeuille de plus de 300 applications et jeux mobiles. Peaksel est une soci\u00e9t\u00e9 priv\u00e9e et exploite ses b\u00e9n\u00e9fices sans investisseurs ext\u00e9rieurs\" \/>\n<meta property=\"og:url\" content=\"https:\/\/peaksel.com\/fr\/propos-de-nous\/\" \/>\n<meta property=\"og:site_name\" content=\"Peaksel\" \/>\n<meta property=\"article:modified_time\" content=\"2021-03-25T09:28:51+00:00\" \/>\n<meta name=\"twitter:card\" content=\"summary_large_image\" \/>\n<meta name=\"twitter:label1\" content=\"Dur\u00e9e de lecture estim\u00e9e\" \/>\n\t<meta name=\"twitter:data1\" content=\"1 minute\" \/>\n<script type=\"application\/ld+json\" class=\"yoast-schema-graph\">{\"@context\":\"https:\\\/\\\/schema.org\",\"@graph\":[{\"@type\":\"WebPage\",\"@id\":\"https:\\\/\\\/peaksel.com\\\/fr\\\/propos-de-nous\\\/\",\"url\":\"https:\\\/\\\/peaksel.com\\\/fr\\\/propos-de-nous\\\/\",\"name\":\"\u00c0 propos de nous - Peaksel\",\"isPartOf\":{\"@id\":\"https:\\\/\\\/peaksel.com\\\/fr\\\/#website\"},\"datePublished\":\"2013-06-15T15:01:39+00:00\",\"dateModified\":\"2021-03-25T09:28:51+00:00\",\"breadcrumb\":{\"@id\":\"https:\\\/\\\/peaksel.com\\\/fr\\\/propos-de-nous\\\/#breadcrumb\"},\"inLanguage\":\"fr-FR\",\"potentialAction\":[{\"@type\":\"ReadAction\",\"target\":[\"https:\\\/\\\/peaksel.com\\\/fr\\\/propos-de-nous\\\/\"]}]},{\"@type\":\"BreadcrumbList\",\"@id\":\"https:\\\/\\\/peaksel.com\\\/fr\\\/propos-de-nous\\\/#breadcrumb\",\"itemListElement\":[{\"@type\":\"ListItem\",\"position\":1,\"name\":\"Home\",\"item\":\"https:\\\/\\\/peaksel.com\\\/fr\\\/\"},{\"@type\":\"ListItem\",\"position\":2,\"name\":\"\u00c0 propos de nous\"}]},{\"@type\":\"WebSite\",\"@id\":\"https:\\\/\\\/peaksel.com\\\/fr\\\/#website\",\"url\":\"https:\\\/\\\/peaksel.com\\\/fr\\\/\",\"name\":\"Peaksel\",\"description\":\"\",\"potentialAction\":[{\"@type\":\"SearchAction\",\"target\":{\"@type\":\"EntryPoint\",\"urlTemplate\":\"https:\\\/\\\/peaksel.com\\\/fr\\\/?s={search_term_string}\"},\"query-input\":{\"@type\":\"PropertyValueSpecification\",\"valueRequired\":true,\"valueName\":\"search_term_string\"}}],\"inLanguage\":\"fr-FR\"}]}<\/script>\n<!-- \/ Yoast SEO plugin. -->","yoast_head_json":{"title":"\u00c0 propos de nous - Peaksel","robots":{"index":"index","follow":"follow","max-snippet":"max-snippet:-1","max-image-preview":"max-image-preview:large","max-video-preview":"max-video-preview:-1"},"canonical":"https:\/\/peaksel.com\/fr\/propos-de-nous\/","og_locale":"fr_FR","og_type":"article","og_title":"\u00c0 propos de nous - Peaksel","og_description":"Peaksel est une soci\u00e9t\u00e9 de d\u00e9veloppement et d&rsquo;\u00e9dition d&rsquo;applications et de jeux mobiles bas\u00e9e \u00e0 Nis, en Serbie. La soci\u00e9t\u00e9 a \u00e9t\u00e9 fond\u00e9e en 2012 et compte aujourd&rsquo;hui une 60 d&#8217;employ\u00e9s et dispose d&rsquo;un portefeuille de plus de 300 applications et jeux mobiles. Peaksel est une soci\u00e9t\u00e9 priv\u00e9e et exploite ses b\u00e9n\u00e9fices sans investisseurs ext\u00e9rieurs","og_url":"https:\/\/peaksel.com\/fr\/propos-de-nous\/","og_site_name":"Peaksel","article_modified_time":"2021-03-25T09:28:51+00:00","twitter_card":"summary_large_image","twitter_misc":{"Dur\u00e9e de lecture estim\u00e9e":"1 minute"},"schema":{"@context":"https:\/\/schema.org","@graph":[{"@type":"WebPage","@id":"https:\/\/peaksel.com\/fr\/propos-de-nous\/","url":"https:\/\/peaksel.com\/fr\/propos-de-nous\/","name":"\u00c0 propos de nous - Peaksel","isPartOf":{"@id":"https:\/\/peaksel.com\/fr\/#website"},"datePublished":"2013-06-15T15:01:39+00:00","dateModified":"2021-03-25T09:28:51+00:00","breadcrumb":{"@id":"https:\/\/peaksel.com\/fr\/propos-de-nous\/#breadcrumb"},"inLanguage":"fr-FR","potentialAction":[{"@type":"ReadAction","target":["https:\/\/peaksel.com\/fr\/propos-de-nous\/"]}]},{"@type":"BreadcrumbList","@id":"https:\/\/peaksel.com\/fr\/propos-de-nous\/#breadcrumb","itemListElement":[{"@type":"ListItem","position":1,"name":"Home","item":"https:\/\/peaksel.com\/fr\/"},{"@type":"ListItem","position":2,"name":"\u00c0 propos de nous"}]},{"@type":"WebSite","@id":"https:\/\/peaksel.com\/fr\/#website","url":"https:\/\/peaksel.com\/fr\/","name":"Peaksel","description":"","potentialAction":[{"@type":"SearchAction","target":{"@type":"EntryPoint","urlTemplate":"https:\/\/peaksel.com\/fr\/?s={search_term_string}"},"query-input":{"@type":"PropertyValueSpecification","valueRequired":true,"valueName":"search_term_string"}}],"inLanguage":"fr-FR"}]}},"jetpack_shortlink":"https:\/\/wp.me\/Pd06c6-Mv","jetpack_sharing_enabled":true,"_links":{"self":[{"href":"https:\/\/peaksel.com\/fr\/wp-json\/wp\/v2\/pages\/3007","targetHints":{"allow":["GET"]}}],"collection":[{"href":"https:\/\/peaksel.com\/fr\/wp-json\/wp\/v2\/pages"}],"about":[{"href":"https:\/\/peaksel.com\/fr\/wp-json\/wp\/v2\/types\/page"}],"author":[{"embeddable":true,"href":"https:\/\/peaksel.com\/fr\/wp-json\/wp\/v2\/users\/9"}],"replies":[{"embeddable":true,"href":"https:\/\/peaksel.com\/fr\/wp-json\/wp\/v2\/comments?post=3007"}],"version-history":[{"count":0,"href":"https:\/\/peaksel.com\/fr\/wp-json\/wp\/v2\/pages\/3007\/revisions"}],"wp:attachment":[{"href":"https:\/\/peaksel.com\/fr\/wp-json\/wp\/v2\/media?parent=3007"}],"curies":[{"name":"wp","href":"https:\/\/api.w.org\/{rel}","templated":true}]}}