{"id":3013,"date":"2013-04-12T11:54:03","date_gmt":"2013-04-12T11:54:03","guid":{"rendered":"https:\/\/peaksel.com\/guid\/a3da7efc2dd277b35d93726f04f81f4619f242c6"},"modified":"2018-08-20T14:05:29","modified_gmt":"2018-08-20T14:05:29","slug":"developpement-personnel","status":"publish","type":"page","link":"https:\/\/peaksel.com\/fr\/developpement-personnel\/","title":{"rendered":"D\u00e9veloppement personnel"},"content":{"rendered":"<h2>D\u00e9veloppement professionnel<\/h2>\n<p>Nous investissons constamment dans la formation et le d\u00e9veloppement de nos employ\u00e9s, afin qu\u2019ils puissent \u00eatre pr\u00eats \u00e0 g\u00e9rer des t\u00e2ches difficiles comme des professionnels de niveau mondial.<br \/>\nDans les entreprises sous-traitantes, vous recevez g\u00e9n\u00e9ralement des commentaires d&rsquo;une seule personne &#8211; du client ou du chef de produit; Au lieu de cela, chez Peaksel, il y a la possibilit\u00e9 de recevoir des commentaires de millions d&rsquo;utilisateurs &#8211; et nous sommes pr\u00eats \u00e0 vous aider \u00e0 apprendre de nombreuses astuces et vous donner des conseils sur la fourniture de produits de haute qualit\u00e9.<\/p>\n<p><strong>Politique d&rsquo;entreprise<\/strong><\/p>\n<p>Nous nous soucions de nos employ\u00e9s. Nous prenons soin des personnes avec lesquelles nous travaillons et, pour nous tous, l&rsquo;argent n&rsquo;est pas la seule chose importante.<br \/>\nNotre travail fait une grande partie de nos vies car nous y passons une grande partie de notre journ\u00e9e; Nous souhaitons donc que ce soit g\u00e9nial. Pour cette raison, la politique de l&rsquo;entreprise est con\u00e7ue pour favoriser votre croissance personnelle et votre d\u00e9veloppement professionnel, mais elle est \u00e9galement con\u00e7ue pour pour prendre soin de la sant\u00e9 des employ\u00e9s. Pour en faire un ensemble complet, nous offrons \u00e9galement des divertissements de temps en temps, car la productivit\u00e9 vient d&rsquo;un esprit d\u00e9tendu.<br \/>\nEnvironnement de travail<br \/>\nEn tant qu\u2019une entreprise qui se sp\u00e9cialise dans la cr\u00e9ation d&rsquo;applications et de jeux innovants, notre environnement de travail est celui qui favorise la cr\u00e9ativit\u00e9 et l\u2019imagination, ainsi que la responsabilit\u00e9 et la motivation des r\u00e9sultats. Par cons\u00e9quent, la soci\u00e9t\u00e9 s&rsquo;efforce toujours de cr\u00e9er d\u2019excellentes conditions de travail, et \u00e0 la fois une atmosph\u00e8re productive et amusante.<\/p>\n<p><strong>Salaires concurrentiels<\/strong><\/p>\n<p>L\u2019augmentation de salaire est en corr\u00e9lation avec l\u2019engagement, \u00e0 la fois dans le travail personnel et le travail d&rsquo;\u00e9quipe.<\/p>\n<p><strong>Positions<\/strong><\/p>\n<p>Ce n&rsquo;est pas souvent que nous avons de concours d&#8217;emplois publics, nous vous recommandons donc d&rsquo;envoyer votre CV et votre portfolio \u00e0 tout moment.<br \/>\nLes positions habituelles sont:<br \/>\n&#8211; Game designer (Game Design Document de cr\u00e9ation)<br \/>\n&#8211; Designer UI\/UX (Photoshop, Application et Game UI, mat\u00e9riel de marketing)<br \/>\n&#8211; Illustrateur (Adobe Illustrator)<br \/>\n&#8211; Designer 3D (Maya, Photoshop)<br \/>\n&#8211; Programmeur (Unity 3d, Android)<br \/>\n&#8211; Marketing (traduction, ASO, cr\u00e9ation litt\u00e9raire, r\u00e9dacteur, m\u00e9dias sociaux)<br \/>\n&#8211; Chef de projet (Trello, comp\u00e9tences organisationnelles)<br \/>\n&#8211; Analyste de donn\u00e9es\/ Data Analyst (statistiques, math\u00e9matiques, tests A \/ B, gestion de campagnes )<br \/>\n&#8211; Sound Editor (conception et \u00e9dition audio)<\/p>\n<h2>Travaille avec nous!<\/h2>\n<p>Si vous croyez que vous avez ces comp\u00e9tences, vous pouvez envoyer votre CV et portfolio \u00e0 markopetkovic (at) peaksel.com ou faire votre proposition via notre formulaire de contact. Pour les nouvelles offres d&#8217;emploi, veuillez suivre nos profils d&rsquo;entreprise sur <a href=\"https:\/\/www.linkedin.com\/company\/peaksel-doo\">LinkedIn<\/a> et <a href=\"https:\/\/www.facebook.com\/Peaksel\/\">Facebook<\/a>.<\/p>\n","protected":false},"excerpt":{"rendered":"<p>D\u00e9veloppement professionnel Nous investissons constamment dans la formation et le d\u00e9veloppement de nos employ\u00e9s, afin qu\u2019ils puissent \u00eatre pr\u00eats \u00e0 g\u00e9rer des t\u00e2ches difficiles comme des professionnels de niveau mondial. Dans les entreprises sous-traitantes, vous recevez g\u00e9n\u00e9ralement des commentaires d&rsquo;une seule personne &#8211; du client ou du chef de produit; Au lieu de cela, chez<\/p>\n","protected":false},"author":9,"featured_media":0,"parent":0,"menu_order":0,"comment_status":"closed","ping_status":"closed","template":"page-jobs.php","meta":{"_acf_changed":false,"inline_featured_image":false,"footnotes":""},"class_list":["post-3013","page","type-page","status-publish","hentry"],"acf":[],"yoast_head":"<!-- This site is optimized with the Yoast SEO plugin v27.3 - https:\/\/yoast.com\/product\/yoast-seo-wordpress\/ -->\n<title>D\u00e9veloppement personnel - Peaksel<\/title>\n<meta name=\"robots\" content=\"index, follow, max-snippet:-1, max-image-preview:large, max-video-preview:-1\" \/>\n<link rel=\"canonical\" href=\"https:\/\/peaksel.com\/fr\/developpement-personnel\/\" \/>\n<meta property=\"og:locale\" content=\"fr_FR\" \/>\n<meta property=\"og:type\" content=\"article\" \/>\n<meta property=\"og:title\" content=\"D\u00e9veloppement personnel - Peaksel\" \/>\n<meta property=\"og:description\" content=\"D\u00e9veloppement professionnel Nous investissons constamment dans la formation et le d\u00e9veloppement de nos employ\u00e9s, afin qu\u2019ils puissent \u00eatre pr\u00eats \u00e0 g\u00e9rer des t\u00e2ches difficiles comme des professionnels de niveau mondial. Dans les entreprises sous-traitantes, vous recevez g\u00e9n\u00e9ralement des commentaires d&rsquo;une seule personne &#8211; du client ou du chef de produit; Au lieu de cela, chez\" \/>\n<meta property=\"og:url\" content=\"https:\/\/peaksel.com\/fr\/developpement-personnel\/\" \/>\n<meta property=\"og:site_name\" content=\"Peaksel\" \/>\n<meta property=\"article:modified_time\" content=\"2018-08-20T14:05:29+00:00\" \/>\n<meta name=\"twitter:card\" content=\"summary_large_image\" \/>\n<meta name=\"twitter:label1\" content=\"Dur\u00e9e de lecture estim\u00e9e\" \/>\n\t<meta name=\"twitter:data1\" content=\"2 minutes\" \/>\n<script type=\"application\/ld+json\" class=\"yoast-schema-graph\">{\"@context\":\"https:\\\/\\\/schema.org\",\"@graph\":[{\"@type\":\"WebPage\",\"@id\":\"https:\\\/\\\/peaksel.com\\\/fr\\\/developpement-personnel\\\/\",\"url\":\"https:\\\/\\\/peaksel.com\\\/fr\\\/developpement-personnel\\\/\",\"name\":\"D\u00e9veloppement personnel - Peaksel\",\"isPartOf\":{\"@id\":\"https:\\\/\\\/peaksel.com\\\/fr\\\/#website\"},\"datePublished\":\"2013-04-12T11:54:03+00:00\",\"dateModified\":\"2018-08-20T14:05:29+00:00\",\"breadcrumb\":{\"@id\":\"https:\\\/\\\/peaksel.com\\\/fr\\\/developpement-personnel\\\/#breadcrumb\"},\"inLanguage\":\"fr-FR\",\"potentialAction\":[{\"@type\":\"ReadAction\",\"target\":[\"https:\\\/\\\/peaksel.com\\\/fr\\\/developpement-personnel\\\/\"]}]},{\"@type\":\"BreadcrumbList\",\"@id\":\"https:\\\/\\\/peaksel.com\\\/fr\\\/developpement-personnel\\\/#breadcrumb\",\"itemListElement\":[{\"@type\":\"ListItem\",\"position\":1,\"name\":\"Home\",\"item\":\"https:\\\/\\\/peaksel.com\\\/fr\\\/\"},{\"@type\":\"ListItem\",\"position\":2,\"name\":\"D\u00e9veloppement personnel\"}]},{\"@type\":\"WebSite\",\"@id\":\"https:\\\/\\\/peaksel.com\\\/fr\\\/#website\",\"url\":\"https:\\\/\\\/peaksel.com\\\/fr\\\/\",\"name\":\"Peaksel\",\"description\":\"\",\"potentialAction\":[{\"@type\":\"SearchAction\",\"target\":{\"@type\":\"EntryPoint\",\"urlTemplate\":\"https:\\\/\\\/peaksel.com\\\/fr\\\/?s={search_term_string}\"},\"query-input\":{\"@type\":\"PropertyValueSpecification\",\"valueRequired\":true,\"valueName\":\"search_term_string\"}}],\"inLanguage\":\"fr-FR\"}]}<\/script>\n<!-- \/ Yoast SEO plugin. -->","yoast_head_json":{"title":"D\u00e9veloppement personnel - Peaksel","robots":{"index":"index","follow":"follow","max-snippet":"max-snippet:-1","max-image-preview":"max-image-preview:large","max-video-preview":"max-video-preview:-1"},"canonical":"https:\/\/peaksel.com\/fr\/developpement-personnel\/","og_locale":"fr_FR","og_type":"article","og_title":"D\u00e9veloppement personnel - Peaksel","og_description":"D\u00e9veloppement professionnel Nous investissons constamment dans la formation et le d\u00e9veloppement de nos employ\u00e9s, afin qu\u2019ils puissent \u00eatre pr\u00eats \u00e0 g\u00e9rer des t\u00e2ches difficiles comme des professionnels de niveau mondial. Dans les entreprises sous-traitantes, vous recevez g\u00e9n\u00e9ralement des commentaires d&rsquo;une seule personne &#8211; du client ou du chef de produit; Au lieu de cela, chez","og_url":"https:\/\/peaksel.com\/fr\/developpement-personnel\/","og_site_name":"Peaksel","article_modified_time":"2018-08-20T14:05:29+00:00","twitter_card":"summary_large_image","twitter_misc":{"Dur\u00e9e de lecture estim\u00e9e":"2 minutes"},"schema":{"@context":"https:\/\/schema.org","@graph":[{"@type":"WebPage","@id":"https:\/\/peaksel.com\/fr\/developpement-personnel\/","url":"https:\/\/peaksel.com\/fr\/developpement-personnel\/","name":"D\u00e9veloppement personnel - Peaksel","isPartOf":{"@id":"https:\/\/peaksel.com\/fr\/#website"},"datePublished":"2013-04-12T11:54:03+00:00","dateModified":"2018-08-20T14:05:29+00:00","breadcrumb":{"@id":"https:\/\/peaksel.com\/fr\/developpement-personnel\/#breadcrumb"},"inLanguage":"fr-FR","potentialAction":[{"@type":"ReadAction","target":["https:\/\/peaksel.com\/fr\/developpement-personnel\/"]}]},{"@type":"BreadcrumbList","@id":"https:\/\/peaksel.com\/fr\/developpement-personnel\/#breadcrumb","itemListElement":[{"@type":"ListItem","position":1,"name":"Home","item":"https:\/\/peaksel.com\/fr\/"},{"@type":"ListItem","position":2,"name":"D\u00e9veloppement personnel"}]},{"@type":"WebSite","@id":"https:\/\/peaksel.com\/fr\/#website","url":"https:\/\/peaksel.com\/fr\/","name":"Peaksel","description":"","potentialAction":[{"@type":"SearchAction","target":{"@type":"EntryPoint","urlTemplate":"https:\/\/peaksel.com\/fr\/?s={search_term_string}"},"query-input":{"@type":"PropertyValueSpecification","valueRequired":true,"valueName":"search_term_string"}}],"inLanguage":"fr-FR"}]}},"jetpack_shortlink":"https:\/\/wp.me\/Pd06c6-MB","jetpack_sharing_enabled":true,"_links":{"self":[{"href":"https:\/\/peaksel.com\/fr\/wp-json\/wp\/v2\/pages\/3013","targetHints":{"allow":["GET"]}}],"collection":[{"href":"https:\/\/peaksel.com\/fr\/wp-json\/wp\/v2\/pages"}],"about":[{"href":"https:\/\/peaksel.com\/fr\/wp-json\/wp\/v2\/types\/page"}],"author":[{"embeddable":true,"href":"https:\/\/peaksel.com\/fr\/wp-json\/wp\/v2\/users\/9"}],"replies":[{"embeddable":true,"href":"https:\/\/peaksel.com\/fr\/wp-json\/wp\/v2\/comments?post=3013"}],"version-history":[{"count":0,"href":"https:\/\/peaksel.com\/fr\/wp-json\/wp\/v2\/pages\/3013\/revisions"}],"wp:attachment":[{"href":"https:\/\/peaksel.com\/fr\/wp-json\/wp\/v2\/media?parent=3013"}],"curies":[{"name":"wp","href":"https:\/\/api.w.org\/{rel}","templated":true}]}}