{"id":3285,"date":"2013-04-12T11:54:03","date_gmt":"2013-04-12T11:54:03","guid":{"rendered":"https:\/\/peaksel.com\/guid\/cd84a5434b93740face8132ff7d7a59354c13017"},"modified":"2018-08-20T14:05:46","modified_gmt":"2018-08-20T14:05:46","slug":"empregos","status":"publish","type":"page","link":"https:\/\/peaksel.com\/pt-br\/empregos\/","title":{"rendered":"Empregos"},"content":{"rendered":"<h2>Desenvolvimento Profissional<\/h2>\n<p>Investimos constantemente na forma\u00e7\u00e3o e desenvolvimento dos nossos colaboradores para que estejam preparados a lidar com tarefas desafiantes como profissionais de classe mundial.<br \/>\nEnquanto que em empresas subcontratadas recebe retorno subjetivo de uma \u00fanica pessoa, cliente ou gestor de produto, aqui na Peaksel tem a oportunidade de receber retorno de milh\u00f5es de utilizadores reais e ainda tem a hip\u00f3tese de aprender truques e dicas de como providenciar produtos de ponta na nossa companhia!<\/p>\n<p><strong>Cultura da empresa<\/strong><\/p>\n<p>N\u00f3s importamo-nos. N\u00f3s importamo-nos com as pessoas com quem trabalhamos e, para todos n\u00f3s, o dinheiro n\u00e3o \u00e9 tudo. O nosso trabalho ocupa grande parte das nossas vidas j\u00e1 que passamos o dia embrenhados nele; por isso queremos que seja \u00f3timo. Por essa raz\u00e3o, a cultura da empresa est\u00e1 concebida para apoiar o seu crescimento pessoal e desenvolvimento profissional, mas tamb\u00e9m foi concebida para se preocupar com a sua sa\u00fade. Para tornar tudo ainda mais apelativo, o divertimento tamb\u00e9m entra em a\u00e7\u00e3o de vez em quando porque a produtividade s\u00f3 \u00e9 ating\u00edvel atrav\u00e9s de mentes descontra\u00eddas.<\/p>\n<p><strong>Ambiente de trabalho<\/strong><\/p>\n<p>O nosso ambiente de trabalho promove a criatividade e a imagina\u00e7\u00e3o, n\u00e3o esquecendo a responsabilidade e a orienta\u00e7\u00e3o para resultados. Assim, a empresa aspira constantemente em criar excelentes condi\u00e7\u00f5es de trabalho e uma atmosfera produtiva e divertida.<\/p>\n<p><strong>Sal\u00e1rios competitivos<\/strong><\/p>\n<p>A estrutura salarial est\u00e1 concebida para seguir o seu progresso, tanto ao n\u00edvel do trabalho individual como do trabalho em equipa.<\/p>\n<p><strong>Posi\u00e7\u00f5es<\/strong><\/p>\n<p>N\u00e3o temos vagas com muita frequ\u00eancia, por isso recomendamos que envie o seu CV e portf\u00f3lio em qualquer altura.<\/p>\n<p><strong>As posi\u00e7\u00f5es mais requisitadas s\u00e3o:<\/strong><br \/>\n&#8211; Game designer (Cria\u00e7\u00e3o de documentos de Game Design)<br \/>\n&#8211; Designer UI\/UX (Photoshop, App e Game UI, marketing de materiais)<br \/>\n&#8211; Ilustrador (Ilustrador Adobe)<br \/>\n&#8211; Designer 3d (Maya, Photoshop)<br \/>\n&#8211; Programador (Unity 3d, Android)<br \/>\n&#8211; Marketing (Tradu\u00e7\u00e3o, ASO, Escrita Criativa, Copy, Redes Sociais)<br \/>\n&#8211; Gestor de Projeto (Trello, capacidades organizacionais)<br \/>\n&#8211; Analista de Dados (estat\u00edsticas, matem\u00e1tica, teste A\/B, gest\u00e3o de campanhas)<br \/>\n&#8211; Editor de Som (design de \u00e1udio e edi\u00e7\u00e3o)<\/p>\n<h2>Candidate-se agora<\/h2>\n<p>Se acredita que o seu perfil se adequa aos nossos valores e cultura empresarial, envie-nos o seu CV e portf\u00f3lio para markopetkovic (at) peaksel.com ou entre em contato connosco atrav\u00e9s do nosso formul\u00e1rio de contato.<br \/>\nPara novas vagas de emprego, siga os perfis da nossa empresa no <a href=\"https:\/\/www.linkedin.com\/company\/peaksel-doo\">LinkedIn<\/a> e no <a href=\"https:\/\/www.facebook.com\/Peaksel\">Facebook<\/a>.<\/p>\n","protected":false},"excerpt":{"rendered":"<p>Desenvolvimento Profissional Investimos constantemente na forma\u00e7\u00e3o e desenvolvimento dos nossos colaboradores para que estejam preparados a lidar com tarefas desafiantes como profissionais de classe mundial. Enquanto que em empresas subcontratadas recebe retorno subjetivo de uma \u00fanica pessoa, cliente ou gestor de produto, aqui na Peaksel tem a oportunidade de receber retorno de milh\u00f5es de utilizadores<\/p>\n","protected":false},"author":9,"featured_media":0,"parent":0,"menu_order":0,"comment_status":"closed","ping_status":"closed","template":"page-jobs.php","meta":{"_acf_changed":false,"inline_featured_image":false,"footnotes":""},"class_list":["post-3285","page","type-page","status-publish","hentry"],"acf":[],"yoast_head":"<!-- This site is optimized with the Yoast SEO plugin v27.3 - https:\/\/yoast.com\/product\/yoast-seo-wordpress\/ -->\n<title>Empregos - Peaksel<\/title>\n<meta name=\"robots\" content=\"index, follow, max-snippet:-1, max-image-preview:large, max-video-preview:-1\" \/>\n<link rel=\"canonical\" href=\"https:\/\/peaksel.com\/pt-br\/empregos\/\" \/>\n<meta property=\"og:locale\" content=\"pt_BR\" \/>\n<meta property=\"og:type\" content=\"article\" \/>\n<meta property=\"og:title\" content=\"Empregos - Peaksel\" \/>\n<meta property=\"og:description\" content=\"Desenvolvimento Profissional Investimos constantemente na forma\u00e7\u00e3o e desenvolvimento dos nossos colaboradores para que estejam preparados a lidar com tarefas desafiantes como profissionais de classe mundial. Enquanto que em empresas subcontratadas recebe retorno subjetivo de uma \u00fanica pessoa, cliente ou gestor de produto, aqui na Peaksel tem a oportunidade de receber retorno de milh\u00f5es de utilizadores\" \/>\n<meta property=\"og:url\" content=\"https:\/\/peaksel.com\/pt-br\/empregos\/\" \/>\n<meta property=\"og:site_name\" content=\"Peaksel\" \/>\n<meta property=\"article:modified_time\" content=\"2018-08-20T14:05:46+00:00\" \/>\n<meta name=\"twitter:card\" content=\"summary_large_image\" \/>\n<meta name=\"twitter:label1\" content=\"Est. tempo de leitura\" \/>\n\t<meta name=\"twitter:data1\" content=\"2 minutos\" \/>\n<script type=\"application\/ld+json\" class=\"yoast-schema-graph\">{\"@context\":\"https:\\\/\\\/schema.org\",\"@graph\":[{\"@type\":\"WebPage\",\"@id\":\"https:\\\/\\\/peaksel.com\\\/pt-br\\\/empregos\\\/\",\"url\":\"https:\\\/\\\/peaksel.com\\\/pt-br\\\/empregos\\\/\",\"name\":\"Empregos - Peaksel\",\"isPartOf\":{\"@id\":\"https:\\\/\\\/peaksel.com\\\/pt-br\\\/#website\"},\"datePublished\":\"2013-04-12T11:54:03+00:00\",\"dateModified\":\"2018-08-20T14:05:46+00:00\",\"breadcrumb\":{\"@id\":\"https:\\\/\\\/peaksel.com\\\/pt-br\\\/empregos\\\/#breadcrumb\"},\"inLanguage\":\"pt-BR\",\"potentialAction\":[{\"@type\":\"ReadAction\",\"target\":[\"https:\\\/\\\/peaksel.com\\\/pt-br\\\/empregos\\\/\"]}]},{\"@type\":\"BreadcrumbList\",\"@id\":\"https:\\\/\\\/peaksel.com\\\/pt-br\\\/empregos\\\/#breadcrumb\",\"itemListElement\":[{\"@type\":\"ListItem\",\"position\":1,\"name\":\"Home\",\"item\":\"https:\\\/\\\/peaksel.com\\\/pt-br\\\/\"},{\"@type\":\"ListItem\",\"position\":2,\"name\":\"Empregos\"}]},{\"@type\":\"WebSite\",\"@id\":\"https:\\\/\\\/peaksel.com\\\/pt-br\\\/#website\",\"url\":\"https:\\\/\\\/peaksel.com\\\/pt-br\\\/\",\"name\":\"Peaksel\",\"description\":\"\",\"potentialAction\":[{\"@type\":\"SearchAction\",\"target\":{\"@type\":\"EntryPoint\",\"urlTemplate\":\"https:\\\/\\\/peaksel.com\\\/pt-br\\\/?s={search_term_string}\"},\"query-input\":{\"@type\":\"PropertyValueSpecification\",\"valueRequired\":true,\"valueName\":\"search_term_string\"}}],\"inLanguage\":\"pt-BR\"}]}<\/script>\n<!-- \/ Yoast SEO plugin. -->","yoast_head_json":{"title":"Empregos - Peaksel","robots":{"index":"index","follow":"follow","max-snippet":"max-snippet:-1","max-image-preview":"max-image-preview:large","max-video-preview":"max-video-preview:-1"},"canonical":"https:\/\/peaksel.com\/pt-br\/empregos\/","og_locale":"pt_BR","og_type":"article","og_title":"Empregos - Peaksel","og_description":"Desenvolvimento Profissional Investimos constantemente na forma\u00e7\u00e3o e desenvolvimento dos nossos colaboradores para que estejam preparados a lidar com tarefas desafiantes como profissionais de classe mundial. Enquanto que em empresas subcontratadas recebe retorno subjetivo de uma \u00fanica pessoa, cliente ou gestor de produto, aqui na Peaksel tem a oportunidade de receber retorno de milh\u00f5es de utilizadores","og_url":"https:\/\/peaksel.com\/pt-br\/empregos\/","og_site_name":"Peaksel","article_modified_time":"2018-08-20T14:05:46+00:00","twitter_card":"summary_large_image","twitter_misc":{"Est. tempo de leitura":"2 minutos"},"schema":{"@context":"https:\/\/schema.org","@graph":[{"@type":"WebPage","@id":"https:\/\/peaksel.com\/pt-br\/empregos\/","url":"https:\/\/peaksel.com\/pt-br\/empregos\/","name":"Empregos - Peaksel","isPartOf":{"@id":"https:\/\/peaksel.com\/pt-br\/#website"},"datePublished":"2013-04-12T11:54:03+00:00","dateModified":"2018-08-20T14:05:46+00:00","breadcrumb":{"@id":"https:\/\/peaksel.com\/pt-br\/empregos\/#breadcrumb"},"inLanguage":"pt-BR","potentialAction":[{"@type":"ReadAction","target":["https:\/\/peaksel.com\/pt-br\/empregos\/"]}]},{"@type":"BreadcrumbList","@id":"https:\/\/peaksel.com\/pt-br\/empregos\/#breadcrumb","itemListElement":[{"@type":"ListItem","position":1,"name":"Home","item":"https:\/\/peaksel.com\/pt-br\/"},{"@type":"ListItem","position":2,"name":"Empregos"}]},{"@type":"WebSite","@id":"https:\/\/peaksel.com\/pt-br\/#website","url":"https:\/\/peaksel.com\/pt-br\/","name":"Peaksel","description":"","potentialAction":[{"@type":"SearchAction","target":{"@type":"EntryPoint","urlTemplate":"https:\/\/peaksel.com\/pt-br\/?s={search_term_string}"},"query-input":{"@type":"PropertyValueSpecification","valueRequired":true,"valueName":"search_term_string"}}],"inLanguage":"pt-BR"}]}},"jetpack_shortlink":"https:\/\/wp.me\/Pd06c6-QZ","jetpack_sharing_enabled":true,"_links":{"self":[{"href":"https:\/\/peaksel.com\/pt-br\/wp-json\/wp\/v2\/pages\/3285","targetHints":{"allow":["GET"]}}],"collection":[{"href":"https:\/\/peaksel.com\/pt-br\/wp-json\/wp\/v2\/pages"}],"about":[{"href":"https:\/\/peaksel.com\/pt-br\/wp-json\/wp\/v2\/types\/page"}],"author":[{"embeddable":true,"href":"https:\/\/peaksel.com\/pt-br\/wp-json\/wp\/v2\/users\/9"}],"replies":[{"embeddable":true,"href":"https:\/\/peaksel.com\/pt-br\/wp-json\/wp\/v2\/comments?post=3285"}],"version-history":[{"count":0,"href":"https:\/\/peaksel.com\/pt-br\/wp-json\/wp\/v2\/pages\/3285\/revisions"}],"wp:attachment":[{"href":"https:\/\/peaksel.com\/pt-br\/wp-json\/wp\/v2\/media?parent=3285"}],"curies":[{"name":"wp","href":"https:\/\/api.w.org\/{rel}","templated":true}]}}