{"id":4834,"date":"2017-09-25T11:17:27","date_gmt":"2017-09-25T11:17:27","guid":{"rendered":"https:\/\/peaksel.com\/guid\/06b6e1ae4ffd022ae534d53f123b463a792466dc"},"modified":"2018-06-16T10:40:05","modified_gmt":"2018-06-16T10:40:05","slug":"politica-de-conteudos-para-fas","status":"publish","type":"page","link":"https:\/\/peaksel.com\/pt-br\/politica-de-conteudos-para-fas\/","title":{"rendered":"Pol\u00edtica de Conte\u00fados para F\u00e3s"},"content":{"rendered":"<h1>Pol\u00edtica de Conte\u00fados para F\u00e3s<\/h1>\n<p>Estamos muito felizes e entusiasmados pelo facto de os jogadores estarem interessados em utilizar os produtos da Peaksel, jogando com eles. Contudo, por vezes as pessoas tendem a n\u00e3o os utilizar da melhor forma e tentam convencer as outras pessoas que v\u00e1rios produtos e\/ou servi\u00e7os s\u00e3o fornecidos ou patrocinados pela Peaksel. Isso pode levar os jogadores a acreditar nessa informa\u00e7\u00e3o, a comprar produtos ou at\u00e9 a fornecer informa\u00e7\u00e3o pessoal pensando que esse conte\u00fado \u00e9 oficial. Isso deixa-nos muito insatisfeitos e por isso, decidimos criar esta Pol\u00edtica de Conte\u00fados para F\u00e3s que regula o seu uso dos direitos de autor e marca da Peaksel, incluindo quaisquer kits de f\u00e3 relacionados fornecidos por n\u00f3s (\u201cBens da Peaksel\u201d) com objetivos de Conte\u00fados para F\u00e3s. N\u00e3o ser\u00e3o transmitidos quaisquer avisos em caso de viola\u00e7\u00e3o desta Pol\u00edtica.<\/p>\n<h3>1. REGRAS ESPEC\u00cdFICAS DE CONTE\u00daDOS PARA F\u00c3S<\/h3>\n<p><strong>Apenas para fins de Conte\u00fados para F\u00e3s.<\/strong> Por fins de Conte\u00fados para F\u00e3s queremos dizer o seguinte: o seu uso dos bens da Peaksel no conte\u00fado para f\u00e3s deve ser limitado a apresentar, identificar e discutir apenas os produtos da Peaksel conforme permitido nesta Pol\u00edtica. N\u00e3o pode criar novos produtos ou conte\u00fados com base nos Bens da Peaksel, tais como jogos baseados nas personagens de jogos criados pela Peaksel, nem mesmo se forem gratuitos. O Conte\u00fado para f\u00e3s permitido geralmente inclui, por exemplo, guias online gerados por f\u00e3s sem fins comerciais e guias de aplica\u00e7\u00f5es, p\u00e1ginas de f\u00e3s e v\u00eddeos de gameplay, desde que sigam esta Pol\u00edtica.<\/p>\n<p><strong>Para YouTubers.<\/strong> \u00c9 permitido utilizar os Bens da Peaksel e v\u00eddeos de gameplay para o seu pr\u00f3prio Conte\u00fado de F\u00e3s desde que sigam esta pol\u00edtica e incluam links do Google Play e da App Store dos jogos\/apps nas duas primeiras linhas do v\u00eddeo de descri\u00e7\u00e3o. N\u00e3o podem modificar os Bens da Peaksel sem a autoriza\u00e7\u00e3o expressa da empresa.<\/p>\n<p><strong>Seja n\u00e3o-comercial.<\/strong> N\u00e3o pode cobrar taxas de qualquer esp\u00e9cie (incluindo funcionalidades in-app) a clientes ou visitantes ao seu Conte\u00fado de F\u00e3s, a n\u00e3o ser que tenha sido expressamente aprovado pela Peaksel. Pode, contudo, rentabilizar de forma geral o seu Conte\u00fado de F\u00e3s atrav\u00e9s de publicidade. Se utilizar an\u00fancios, eles dever\u00e3o estar conformes com todas as leis, regras, regulamentos e pol\u00edticas dos criadores aplic\u00e1veis.<\/p>\n<p><strong>Respeito pela marca Peaksel.<\/strong> N\u00e3o pode criar a impress\u00e3o de que a Peaksel \u00e9 patrocinadora ou criadora de ou que apoia o seu Conte\u00fado de F\u00e3. Tamb\u00e9m n\u00e3o pode criar quaisquer materiais a partir dos Bens da Peaksel que sejam semelhantes aos log\u00f3tipos da Peaksel, marcas ou outros elementos dos produtos e servi\u00e7os da Peaksel. N\u00e3o pode modificar os Bens da Peaksel sem a nossa expressa autoriza\u00e7\u00e3o.<\/p>\n<p><strong>Manter online.<\/strong> N\u00e3o pode criar ou distribuir (gratuitamente ou n\u00e3o) items f\u00edsicos tais como T-shirts que possuam quaisquer Bens da Peaksel ou outra propriedade intelectual da Peaksel sem um acordo por escrito entre voc\u00ea e a Peaksel.<\/p>\n<p><strong>Nada de romances, teatros ou tais.<\/strong> N\u00e3o pode escrever, produzir ou criar romances, produ\u00e7\u00f5es teatrais ou outras adapta\u00e7\u00f5es que incluam a propriedade intelectual da Peaksel sem a nossa expressa autoriza\u00e7\u00e3o escrita.<\/p>\n<p><strong>Inserir isen\u00e7\u00e3o de responsabilidade.<\/strong> Inclua o seguinte aviso (ou semelhante) numa fonte leg\u00edvel aos utilizadores do Conte\u00fado de F\u00e3s em liga\u00e7\u00e3o com o seu uso dos Bens da Peaksel: \u201cEste conte\u00fado n\u00e3o \u00e9 afiliado, endossado, patrocinado ou especificamente aprovado pela Peaksel e a Peaksel n\u00e3o \u00e9 respons\u00e1vel por ele. Para obter mais informa\u00e7\u00f5es, aceda \u00e0 Polt\u00edtica de Conte\u00fados para F\u00e3s da Peaksel: <a href=\"https:\/\/dev.peaksel.com\/fan-content-policy\/\" rel=\"nofollow\">https:\/\/dev.peaksel.com\/fan-content-policy\/<\/a> .&#8221;<\/p>\n<p><strong>Sem dom\u00ednios ou outros.<\/strong> N\u00e3o pode registar nomes de dom\u00ednios, contas em redes sociais ou moradas relacionadas para o seu Conte\u00fado para F\u00e3s que incluam a marca Peaksel sem que seja efetuado um acordo por escrito com a empresa.<\/p>\n<p><strong>Sem conte\u00fados negativos.<\/strong> Os Bens da Peaksel n\u00e3o pode ser utilizados em ou em liga\u00e7\u00e3o com qualquer Conte\u00fado para F\u00e3s que (i) promova fraudes, materiais com sugest\u00e3o sexual, viol\u00eancia, discrimina\u00e7\u00e3o ou atividades ilegais, (ii) promova outras empresas de jogos, \u00e1lcool, tabaco, drogas, pornografia, armas, jogo ou empresas ou servi\u00e7os que ajam de forma contr\u00e1ria aos interesses da Peaksel, (iii) fa\u00e7a declara\u00e7\u00f5es depreciativas, difamat\u00f3rias ou desonestas sobre a Peaksel e\/ou os seus produtos, funcion\u00e1rios e agentes, (iv) fa\u00e7a falsas promessas, como click-baits ou apresente materiais enganadores ou (v) contenha outros conte\u00fados question\u00e1veis.<\/p>\n<h3>2. TERMOS ADICIONAIS<\/h3>\n<p>Pol\u00edticas da empresa e acordos. Respeitar as regras da plataforma ou canal que escolhe para partilhar o seu Conte\u00fado de F\u00e3s \u00e9 algo muito importante para a Peaksel. Deve sempre seguir as pol\u00edticas aplic\u00e1veis da empresa e acordos em vigor.<\/p>\n<p>O nosso uso do Conte\u00fado para F\u00e3s. Podemos de tempos a tempos utilizar o seu Conte\u00fado para F\u00e3s sem compensa\u00e7\u00e3o de uma forma que consideramos razo\u00e1vel, por exemplo, publicando novamente nos nossos canais online ou usando-o nas nossas atividades de marketing.<\/p>\n<p>Informa\u00e7\u00e3o n\u00e3o public\u00e1vel e retorno. Se receber informa\u00e7\u00e3o nossa sobre conte\u00fado ainda n\u00e3o publicado, dever\u00e1 manter essa informa\u00e7\u00e3o para si e n\u00e3o a divulgar a mais ningu\u00e9m. Se nos der algum tipo de retorno, informa\u00e7\u00e3o ou sugest\u00f5es no que diz respeito aos nossos jogos e compreende que a podemos usar sem qualquer compensa\u00e7\u00e3o ou outras obriga\u00e7\u00f5es da sua parte.<\/p>\n<p>Reservamo-nos o direito de determinar com que tipo de Conte\u00fado de F\u00e3s nos sentimos bem e podemos revogar o uso limitado da licen\u00e7a nesta Pol\u00edtica em qualquer altura e por qualquer motivo.<\/p>\n<p>Reservamo-nos o direito de alterar esta pol\u00edtica em qualquer altura. Quando utilizar os Bens da Peaksel para fins de Conte\u00fados para F\u00e3s, o seu udo est\u00e1 sujeito a esta pol\u00edtica.<\/p>\n","protected":false},"excerpt":{"rendered":"<p>Pol\u00edtica de Conte\u00fados para F\u00e3s Estamos muito felizes e entusiasmados pelo facto de os jogadores estarem interessados em utilizar os produtos da Peaksel, jogando com eles. Contudo, por vezes as pessoas tendem a n\u00e3o os utilizar da melhor forma e tentam convencer as outras pessoas que v\u00e1rios produtos e\/ou servi\u00e7os s\u00e3o fornecidos ou patrocinados pela<\/p>\n","protected":false},"author":9,"featured_media":0,"parent":0,"menu_order":0,"comment_status":"closed","ping_status":"closed","template":"","meta":{"_acf_changed":false,"inline_featured_image":false,"footnotes":""},"class_list":["post-4834","page","type-page","status-publish","hentry"],"acf":[],"yoast_head":"<!-- This site is optimized with the Yoast SEO plugin v27.0 - https:\/\/yoast.com\/product\/yoast-seo-wordpress\/ -->\n<title>Pol\u00edtica de Conte\u00fados para F\u00e3s - Peaksel D.O.O.<\/title>\n<meta name=\"robots\" content=\"index, follow, max-snippet:-1, max-image-preview:large, max-video-preview:-1\" \/>\n<link rel=\"canonical\" href=\"https:\/\/peaksel.com\/pt-br\/politica-de-conteudos-para-fas\/\" \/>\n<meta property=\"og:locale\" content=\"pt_BR\" \/>\n<meta property=\"og:type\" content=\"article\" \/>\n<meta property=\"og:title\" content=\"Pol\u00edtica de Conte\u00fados para F\u00e3s - Peaksel D.O.O.\" \/>\n<meta property=\"og:description\" content=\"Pol\u00edtica de Conte\u00fados para F\u00e3s Estamos muito felizes e entusiasmados pelo facto de os jogadores estarem interessados em utilizar os produtos da Peaksel, jogando com eles. Contudo, por vezes as pessoas tendem a n\u00e3o os utilizar da melhor forma e tentam convencer as outras pessoas que v\u00e1rios produtos e\/ou servi\u00e7os s\u00e3o fornecidos ou patrocinados pela\" \/>\n<meta property=\"og:url\" content=\"https:\/\/peaksel.com\/pt-br\/politica-de-conteudos-para-fas\/\" \/>\n<meta property=\"og:site_name\" content=\"Peaksel\" \/>\n<meta property=\"article:modified_time\" content=\"2018-06-16T10:40:05+00:00\" \/>\n<meta name=\"twitter:card\" content=\"summary_large_image\" \/>\n<meta name=\"twitter:label1\" content=\"Est. tempo de leitura\" \/>\n\t<meta name=\"twitter:data1\" content=\"5 minutos\" \/>\n<script type=\"application\/ld+json\" class=\"yoast-schema-graph\">{\"@context\":\"https:\/\/schema.org\",\"@graph\":[{\"@type\":\"WebPage\",\"@id\":\"https:\/\/peaksel.com\/pt-br\/politica-de-conteudos-para-fas\/\",\"url\":\"https:\/\/peaksel.com\/pt-br\/politica-de-conteudos-para-fas\/\",\"name\":\"Pol\u00edtica de Conte\u00fados para F\u00e3s - Peaksel D.O.O.\",\"isPartOf\":{\"@id\":\"https:\/\/peaksel.com\/pt-br\/#website\"},\"datePublished\":\"2017-09-25T11:17:27+00:00\",\"dateModified\":\"2018-06-16T10:40:05+00:00\",\"breadcrumb\":{\"@id\":\"https:\/\/peaksel.com\/pt-br\/politica-de-conteudos-para-fas\/#breadcrumb\"},\"inLanguage\":\"pt-BR\",\"potentialAction\":[{\"@type\":\"ReadAction\",\"target\":[\"https:\/\/peaksel.com\/pt-br\/politica-de-conteudos-para-fas\/\"]}]},{\"@type\":\"BreadcrumbList\",\"@id\":\"https:\/\/peaksel.com\/pt-br\/politica-de-conteudos-para-fas\/#breadcrumb\",\"itemListElement\":[{\"@type\":\"ListItem\",\"position\":1,\"name\":\"Home\",\"item\":\"https:\/\/peaksel.com\/pt-br\/\"},{\"@type\":\"ListItem\",\"position\":2,\"name\":\"Pol\u00edtica de Conte\u00fados para F\u00e3s\"}]},{\"@type\":\"WebSite\",\"@id\":\"https:\/\/peaksel.com\/pt-br\/#website\",\"url\":\"https:\/\/peaksel.com\/pt-br\/\",\"name\":\"Peaksel\",\"description\":\"\",\"potentialAction\":[{\"@type\":\"SearchAction\",\"target\":{\"@type\":\"EntryPoint\",\"urlTemplate\":\"https:\/\/peaksel.com\/pt-br\/?s={search_term_string}\"},\"query-input\":{\"@type\":\"PropertyValueSpecification\",\"valueRequired\":true,\"valueName\":\"search_term_string\"}}],\"inLanguage\":\"pt-BR\"}]}<\/script>\n<!-- \/ Yoast SEO plugin. -->","yoast_head_json":{"title":"Pol\u00edtica de Conte\u00fados para F\u00e3s - Peaksel D.O.O.","robots":{"index":"index","follow":"follow","max-snippet":"max-snippet:-1","max-image-preview":"max-image-preview:large","max-video-preview":"max-video-preview:-1"},"canonical":"https:\/\/peaksel.com\/pt-br\/politica-de-conteudos-para-fas\/","og_locale":"pt_BR","og_type":"article","og_title":"Pol\u00edtica de Conte\u00fados para F\u00e3s - Peaksel D.O.O.","og_description":"Pol\u00edtica de Conte\u00fados para F\u00e3s Estamos muito felizes e entusiasmados pelo facto de os jogadores estarem interessados em utilizar os produtos da Peaksel, jogando com eles. Contudo, por vezes as pessoas tendem a n\u00e3o os utilizar da melhor forma e tentam convencer as outras pessoas que v\u00e1rios produtos e\/ou servi\u00e7os s\u00e3o fornecidos ou patrocinados pela","og_url":"https:\/\/peaksel.com\/pt-br\/politica-de-conteudos-para-fas\/","og_site_name":"Peaksel","article_modified_time":"2018-06-16T10:40:05+00:00","twitter_card":"summary_large_image","twitter_misc":{"Est. tempo de leitura":"5 minutos"},"schema":{"@context":"https:\/\/schema.org","@graph":[{"@type":"WebPage","@id":"https:\/\/peaksel.com\/pt-br\/politica-de-conteudos-para-fas\/","url":"https:\/\/peaksel.com\/pt-br\/politica-de-conteudos-para-fas\/","name":"Pol\u00edtica de Conte\u00fados para F\u00e3s - Peaksel D.O.O.","isPartOf":{"@id":"https:\/\/peaksel.com\/pt-br\/#website"},"datePublished":"2017-09-25T11:17:27+00:00","dateModified":"2018-06-16T10:40:05+00:00","breadcrumb":{"@id":"https:\/\/peaksel.com\/pt-br\/politica-de-conteudos-para-fas\/#breadcrumb"},"inLanguage":"pt-BR","potentialAction":[{"@type":"ReadAction","target":["https:\/\/peaksel.com\/pt-br\/politica-de-conteudos-para-fas\/"]}]},{"@type":"BreadcrumbList","@id":"https:\/\/peaksel.com\/pt-br\/politica-de-conteudos-para-fas\/#breadcrumb","itemListElement":[{"@type":"ListItem","position":1,"name":"Home","item":"https:\/\/peaksel.com\/pt-br\/"},{"@type":"ListItem","position":2,"name":"Pol\u00edtica de Conte\u00fados para F\u00e3s"}]},{"@type":"WebSite","@id":"https:\/\/peaksel.com\/pt-br\/#website","url":"https:\/\/peaksel.com\/pt-br\/","name":"Peaksel","description":"","potentialAction":[{"@type":"SearchAction","target":{"@type":"EntryPoint","urlTemplate":"https:\/\/peaksel.com\/pt-br\/?s={search_term_string}"},"query-input":{"@type":"PropertyValueSpecification","valueRequired":true,"valueName":"search_term_string"}}],"inLanguage":"pt-BR"}]}},"jetpack_shortlink":"https:\/\/wp.me\/Pd06c6-1fY","jetpack_sharing_enabled":true,"_links":{"self":[{"href":"https:\/\/peaksel.com\/pt-br\/wp-json\/wp\/v2\/pages\/4834","targetHints":{"allow":["GET"]}}],"collection":[{"href":"https:\/\/peaksel.com\/pt-br\/wp-json\/wp\/v2\/pages"}],"about":[{"href":"https:\/\/peaksel.com\/pt-br\/wp-json\/wp\/v2\/types\/page"}],"author":[{"embeddable":true,"href":"https:\/\/peaksel.com\/pt-br\/wp-json\/wp\/v2\/users\/9"}],"replies":[{"embeddable":true,"href":"https:\/\/peaksel.com\/pt-br\/wp-json\/wp\/v2\/comments?post=4834"}],"version-history":[{"count":0,"href":"https:\/\/peaksel.com\/pt-br\/wp-json\/wp\/v2\/pages\/4834\/revisions"}],"wp:attachment":[{"href":"https:\/\/peaksel.com\/pt-br\/wp-json\/wp\/v2\/media?parent=4834"}],"curies":[{"name":"wp","href":"https:\/\/api.w.org\/{rel}","templated":true}]}}