{"id":5305,"date":"2018-06-04T12:55:34","date_gmt":"2018-06-04T12:55:34","guid":{"rendered":"https:\/\/dev.peaksel.com\/home\/"},"modified":"2021-12-14T11:34:53","modified_gmt":"2021-12-14T11:34:53","slug":"home","status":"publish","type":"page","link":"https:\/\/peaksel.com\/pt-br\/","title":{"rendered":"Casa"},"content":{"rendered":"","protected":false},"excerpt":{"rendered":"","protected":false},"author":9,"featured_media":0,"parent":0,"menu_order":0,"comment_status":"closed","ping_status":"closed","template":"","meta":{"_acf_changed":false,"inline_featured_image":false,"footnotes":""},"class_list":["post-5305","page","type-page","status-publish","hentry"],"acf":[],"yoast_head":"<!-- This site is optimized with the Yoast SEO plugin v27.3 - https:\/\/yoast.com\/product\/yoast-seo-wordpress\/ -->\n<title>Peaksel - Desenvolvimento de jogos e aplicativos para celular, S\u00e9rvia<\/title>\n<meta name=\"description\" content=\"Desenvolvedor e editor de jogos e aplicativos para Android e iOS, com sede em Nis, S\u00e9rvia. Fazemos aplicativos e jogos que voc\u00ea vai adorar jogar.\" \/>\n<meta name=\"robots\" content=\"index, follow, max-snippet:-1, max-image-preview:large, max-video-preview:-1\" \/>\n<link rel=\"canonical\" href=\"https:\/\/peaksel.com\/pt-br\/\" \/>\n<meta property=\"og:locale\" content=\"pt_BR\" \/>\n<meta property=\"og:type\" content=\"article\" \/>\n<meta property=\"og:title\" content=\"Peaksel - Desenvolvimento de jogos e aplicativos para celular, S\u00e9rvia\" \/>\n<meta property=\"og:description\" content=\"Desenvolvedor e editor de jogos e aplicativos para Android e iOS, com sede em Nis, S\u00e9rvia. Fazemos aplicativos e jogos que voc\u00ea vai adorar jogar.\" \/>\n<meta property=\"og:url\" content=\"https:\/\/peaksel.com\/pt-br\/\" \/>\n<meta property=\"og:site_name\" content=\"Peaksel\" \/>\n<meta property=\"article:modified_time\" content=\"2021-12-14T11:34:53+00:00\" \/>\n<meta name=\"twitter:card\" content=\"summary_large_image\" \/>\n<script type=\"application\/ld+json\" class=\"yoast-schema-graph\">{\"@context\":\"https:\\\/\\\/schema.org\",\"@graph\":[{\"@type\":\"WebPage\",\"@id\":\"https:\\\/\\\/peaksel.com\\\/pt-br\\\/\",\"url\":\"https:\\\/\\\/peaksel.com\\\/pt-br\\\/\",\"name\":\"Peaksel - Desenvolvimento de jogos e aplicativos para celular, S\u00e9rvia\",\"isPartOf\":{\"@id\":\"https:\\\/\\\/peaksel.com\\\/pt-br\\\/#website\"},\"datePublished\":\"2018-06-04T12:55:34+00:00\",\"dateModified\":\"2021-12-14T11:34:53+00:00\",\"description\":\"Desenvolvedor e editor de jogos e aplicativos para Android e iOS, com sede em Nis, S\u00e9rvia. Fazemos aplicativos e jogos que voc\u00ea vai adorar jogar.\",\"breadcrumb\":{\"@id\":\"https:\\\/\\\/peaksel.com\\\/pt-br\\\/#breadcrumb\"},\"inLanguage\":\"pt-BR\",\"potentialAction\":[{\"@type\":\"ReadAction\",\"target\":[\"https:\\\/\\\/peaksel.com\\\/pt-br\\\/\"]}]},{\"@type\":\"BreadcrumbList\",\"@id\":\"https:\\\/\\\/peaksel.com\\\/pt-br\\\/#breadcrumb\",\"itemListElement\":[{\"@type\":\"ListItem\",\"position\":1,\"name\":\"Home\",\"item\":\"https:\\\/\\\/peaksel.com\\\/pt-br\\\/\"},{\"@type\":\"ListItem\",\"position\":2,\"name\":\"Casa\"}]},{\"@type\":\"WebSite\",\"@id\":\"https:\\\/\\\/peaksel.com\\\/pt-br\\\/#website\",\"url\":\"https:\\\/\\\/peaksel.com\\\/pt-br\\\/\",\"name\":\"Peaksel\",\"description\":\"\",\"potentialAction\":[{\"@type\":\"SearchAction\",\"target\":{\"@type\":\"EntryPoint\",\"urlTemplate\":\"https:\\\/\\\/peaksel.com\\\/pt-br\\\/?s={search_term_string}\"},\"query-input\":{\"@type\":\"PropertyValueSpecification\",\"valueRequired\":true,\"valueName\":\"search_term_string\"}}],\"inLanguage\":\"pt-BR\"}]}<\/script>\n<!-- \/ Yoast SEO plugin. -->","yoast_head_json":{"title":"Peaksel - Desenvolvimento de jogos e aplicativos para celular, S\u00e9rvia","description":"Desenvolvedor e editor de jogos e aplicativos para Android e iOS, com sede em Nis, S\u00e9rvia. Fazemos aplicativos e jogos que voc\u00ea vai adorar jogar.","robots":{"index":"index","follow":"follow","max-snippet":"max-snippet:-1","max-image-preview":"max-image-preview:large","max-video-preview":"max-video-preview:-1"},"canonical":"https:\/\/peaksel.com\/pt-br\/","og_locale":"pt_BR","og_type":"article","og_title":"Peaksel - Desenvolvimento de jogos e aplicativos para celular, S\u00e9rvia","og_description":"Desenvolvedor e editor de jogos e aplicativos para Android e iOS, com sede em Nis, S\u00e9rvia. Fazemos aplicativos e jogos que voc\u00ea vai adorar jogar.","og_url":"https:\/\/peaksel.com\/pt-br\/","og_site_name":"Peaksel","article_modified_time":"2021-12-14T11:34:53+00:00","twitter_card":"summary_large_image","schema":{"@context":"https:\/\/schema.org","@graph":[{"@type":"WebPage","@id":"https:\/\/peaksel.com\/pt-br\/","url":"https:\/\/peaksel.com\/pt-br\/","name":"Peaksel - Desenvolvimento de jogos e aplicativos para celular, S\u00e9rvia","isPartOf":{"@id":"https:\/\/peaksel.com\/pt-br\/#website"},"datePublished":"2018-06-04T12:55:34+00:00","dateModified":"2021-12-14T11:34:53+00:00","description":"Desenvolvedor e editor de jogos e aplicativos para Android e iOS, com sede em Nis, S\u00e9rvia. Fazemos aplicativos e jogos que voc\u00ea vai adorar jogar.","breadcrumb":{"@id":"https:\/\/peaksel.com\/pt-br\/#breadcrumb"},"inLanguage":"pt-BR","potentialAction":[{"@type":"ReadAction","target":["https:\/\/peaksel.com\/pt-br\/"]}]},{"@type":"BreadcrumbList","@id":"https:\/\/peaksel.com\/pt-br\/#breadcrumb","itemListElement":[{"@type":"ListItem","position":1,"name":"Home","item":"https:\/\/peaksel.com\/pt-br\/"},{"@type":"ListItem","position":2,"name":"Casa"}]},{"@type":"WebSite","@id":"https:\/\/peaksel.com\/pt-br\/#website","url":"https:\/\/peaksel.com\/pt-br\/","name":"Peaksel","description":"","potentialAction":[{"@type":"SearchAction","target":{"@type":"EntryPoint","urlTemplate":"https:\/\/peaksel.com\/pt-br\/?s={search_term_string}"},"query-input":{"@type":"PropertyValueSpecification","valueRequired":true,"valueName":"search_term_string"}}],"inLanguage":"pt-BR"}]}},"jetpack_shortlink":"https:\/\/wp.me\/Pd06c6-1nz","jetpack_sharing_enabled":true,"_links":{"self":[{"href":"https:\/\/peaksel.com\/pt-br\/wp-json\/wp\/v2\/pages\/5305","targetHints":{"allow":["GET"]}}],"collection":[{"href":"https:\/\/peaksel.com\/pt-br\/wp-json\/wp\/v2\/pages"}],"about":[{"href":"https:\/\/peaksel.com\/pt-br\/wp-json\/wp\/v2\/types\/page"}],"author":[{"embeddable":true,"href":"https:\/\/peaksel.com\/pt-br\/wp-json\/wp\/v2\/users\/9"}],"replies":[{"embeddable":true,"href":"https:\/\/peaksel.com\/pt-br\/wp-json\/wp\/v2\/comments?post=5305"}],"version-history":[{"count":1,"href":"https:\/\/peaksel.com\/pt-br\/wp-json\/wp\/v2\/pages\/5305\/revisions"}],"predecessor-version":[{"id":19917,"href":"https:\/\/peaksel.com\/pt-br\/wp-json\/wp\/v2\/pages\/5305\/revisions\/19917"}],"wp:attachment":[{"href":"https:\/\/peaksel.com\/pt-br\/wp-json\/wp\/v2\/media?parent=5305"}],"curies":[{"name":"wp","href":"https:\/\/api.w.org\/{rel}","templated":true}]}}