{"id":2732,"date":"2013-04-12T11:54:03","date_gmt":"2013-04-12T11:54:03","guid":{"rendered":"https:\/\/peaksel.com\/guid\/978ba35c10bfc8b84bde88527839136c2619a074"},"modified":"2023-02-07T09:22:46","modified_gmt":"2023-02-07T09:22:46","slug":"poslovi","status":"publish","type":"page","link":"https:\/\/peaksel.com\/sr\/poslovi\/","title":{"rendered":"Poslovi"},"content":{"rendered":"<h2><strong>Profesionalni razvoj<\/strong><\/h2>\n<p>Peaksel stalno ula\u017ee u nova znanja i razvoj zaposlenih kako bi oni uspe\u0161no mogli da se nose sa konkurencijom na svetskom nivou.<br \/>\nU pore\u0111enju sa \u201coutsourcing\u201d tipom kompanije gde dobijate subjektivnu procenu svog rada od jedne osobe (klijenta ili menad\u017eera projekta), sa nama imate priliku da dobijate direktne povratne informacije od miliona pravih korisnika \u0161irom sveta i nau\u010dite kako da isporu\u010dite digitalni proizvod viskog kvaliteta.<\/p>\n<h2><strong>Radna atmosfera<\/strong><\/h2>\n<p>Na\u0161a radna atmosfera podsti\u010de kreativnost i ma\u0161tu, kao i odgovornost i usmerenost na ostvarivanje rezultata. Prema tome, Peaksel stalno te\u017ei ka tome da stvori \u0161to bolje uslove za rad i podstakne produktivnost, a povremeno i zabavu.<\/p>\n<p><strong>Kompetitivna plata<\/strong><br \/>\nStruktura plata je takva da prati va\u0161 napredak, kako u individualnom tako i u timskom radu.<\/p>\n<p><strong>Pozicije<\/strong><\/p>\n<p>Nemamo stalno otvorene konkurse za posao, ali nam uvek mo\u017eete poslati svoj CV i portfolio za neku od sledecih pozicija:<\/p>\n<p>&#8211; Game designer (kreiranje dokumenata za razvoj igrica \/ Game Design Document)<br \/>\n&#8211; UI\/UX dizajner (Prototyping \/ App i Game UI \/ marketing materijal \/ Photoshop )<br \/>\n&#8211; Ilustrator (koncept \/ digitalno crtanje \/ Adobe Illustrator)<br \/>\n&#8211; 3d dizajner (character &amp; environment modeling \/ animation \/ post production \/Maya, Photoshop)<br \/>\n&#8211; Programer (C# \/ Unity 3d ili Java \/ Android Studio)<br \/>\n&#8211; Marketing (prevo\u0111enje \/ ASO \/ kreativno pisanje \/ pisanje marketin\u0161kog materijala \/ marketing dru\u0161tvenih mre\u017ea)<br \/>\n&#8211; Menad\u017eer projekata (organizacione ve\u0161tine \/ Trello)<br \/>\n&#8211; Analiti\u010dar podataka (rad sa podacima \/ statistika \/ matematika \/ AB testiranje \/ vo\u0111enje kampanja)<br \/>\n&#8211; Dizajner zvuka (obrada zvuka)<\/p>\n<h2><strong>Prijavite se<\/strong><\/h2>\n<p>Ako verujete da imate ono \u0161to je nama potrebno, po\u0161aljite nam svoj CV i portfolio na markopetkovic (at) peaksel.com ili stupite u kontakt sa nama kroz na\u0161u <a href=\"https:\/\/peaksel.com\/contact\/\">kontakt formu<\/a>.<\/p>\n<p>Za novootvorena radna mesta, pratite profile na\u0161e kompanije na sajtovima <a href=\"https:\/\/www.linkedin.com\/company\/peaksel-doo\">LinkedIn<\/a> i <a href=\"https:\/\/www.facebook.com\/Peaksel\">Facebook<\/a> stranici.<\/p>\n","protected":false},"excerpt":{"rendered":"<p>Profesionalni razvoj Peaksel stalno ula\u017ee u nova znanja i razvoj zaposlenih kako bi oni uspe\u0161no mogli da se nose sa konkurencijom na svetskom nivou. U pore\u0111enju sa \u201coutsourcing\u201d tipom kompanije gde dobijate subjektivnu procenu svog rada od jedne osobe (klijenta ili menad\u017eera projekta), sa nama imate priliku da dobijate direktne povratne informacije od miliona pravih<\/p>\n","protected":false},"author":9,"featured_media":0,"parent":0,"menu_order":0,"comment_status":"closed","ping_status":"closed","template":"page-jobs.php","meta":{"_acf_changed":false,"inline_featured_image":false,"footnotes":""},"class_list":["post-2732","page","type-page","status-publish","hentry"],"acf":[],"yoast_head":"<!-- This site is optimized with the Yoast SEO plugin v27.0 - https:\/\/yoast.com\/product\/yoast-seo-wordpress\/ -->\n<title>Posao u Peaksel-u - Prijavi se! | Poslovi IT sektor Nis<\/title>\n<meta name=\"description\" content=\"Prijavi se za posao u Peaksel-u - pusti nam CV! Informacije o firmi, pozicijama i procesu apliciranja.\" \/>\n<meta name=\"robots\" content=\"index, follow, max-snippet:-1, max-image-preview:large, max-video-preview:-1\" \/>\n<link rel=\"canonical\" href=\"https:\/\/peaksel.com\/sr\/poslovi\/\" \/>\n<meta property=\"og:locale\" content=\"sr_RS\" \/>\n<meta property=\"og:type\" content=\"article\" \/>\n<meta property=\"og:title\" content=\"Posao u Peaksel-u - Prijavi se! | Poslovi IT sektor Nis\" \/>\n<meta property=\"og:description\" content=\"Prijavi se za posao u Peaksel-u - pusti nam CV! Informacije o firmi, pozicijama i procesu apliciranja.\" \/>\n<meta property=\"og:url\" content=\"https:\/\/peaksel.com\/sr\/poslovi\/\" \/>\n<meta property=\"og:site_name\" content=\"Peaksel\" \/>\n<meta property=\"article:modified_time\" content=\"2023-02-07T09:22:46+00:00\" \/>\n<meta name=\"twitter:card\" content=\"summary_large_image\" \/>\n<meta name=\"twitter:label1\" content=\"\u041f\u0440\u043e\u0446\u0435\u045a\u0435\u043d\u043e \u0432\u0440\u0435\u043c\u0435 \u0447\u0438\u0442\u0430\u045a\u0430\" \/>\n\t<meta name=\"twitter:data1\" content=\"2 \u043c\u0438\u043d\u0443\u0442\u0430\" \/>\n<script type=\"application\/ld+json\" class=\"yoast-schema-graph\">{\"@context\":\"https:\/\/schema.org\",\"@graph\":[{\"@type\":\"WebPage\",\"@id\":\"https:\/\/peaksel.com\/sr\/poslovi\/\",\"url\":\"https:\/\/peaksel.com\/sr\/poslovi\/\",\"name\":\"Posao u Peaksel-u - Prijavi se! | Poslovi IT sektor Nis\",\"isPartOf\":{\"@id\":\"https:\/\/peaksel.com\/sr\/#website\"},\"datePublished\":\"2013-04-12T11:54:03+00:00\",\"dateModified\":\"2023-02-07T09:22:46+00:00\",\"description\":\"Prijavi se za posao u Peaksel-u - pusti nam CV! Informacije o firmi, pozicijama i procesu apliciranja.\",\"breadcrumb\":{\"@id\":\"https:\/\/peaksel.com\/sr\/poslovi\/#breadcrumb\"},\"inLanguage\":\"sr-RS\",\"potentialAction\":[{\"@type\":\"ReadAction\",\"target\":[\"https:\/\/peaksel.com\/sr\/poslovi\/\"]}]},{\"@type\":\"BreadcrumbList\",\"@id\":\"https:\/\/peaksel.com\/sr\/poslovi\/#breadcrumb\",\"itemListElement\":[{\"@type\":\"ListItem\",\"position\":1,\"name\":\"Home\",\"item\":\"https:\/\/peaksel.com\/sr\/\"},{\"@type\":\"ListItem\",\"position\":2,\"name\":\"Poslovi\"}]},{\"@type\":\"WebSite\",\"@id\":\"https:\/\/peaksel.com\/sr\/#website\",\"url\":\"https:\/\/peaksel.com\/sr\/\",\"name\":\"Peaksel\",\"description\":\"\",\"potentialAction\":[{\"@type\":\"SearchAction\",\"target\":{\"@type\":\"EntryPoint\",\"urlTemplate\":\"https:\/\/peaksel.com\/sr\/?s={search_term_string}\"},\"query-input\":{\"@type\":\"PropertyValueSpecification\",\"valueRequired\":true,\"valueName\":\"search_term_string\"}}],\"inLanguage\":\"sr-RS\"}]}<\/script>\n<!-- \/ Yoast SEO plugin. -->","yoast_head_json":{"title":"Posao u Peaksel-u - Prijavi se! | Poslovi IT sektor Nis","description":"Prijavi se za posao u Peaksel-u - pusti nam CV! Informacije o firmi, pozicijama i procesu apliciranja.","robots":{"index":"index","follow":"follow","max-snippet":"max-snippet:-1","max-image-preview":"max-image-preview:large","max-video-preview":"max-video-preview:-1"},"canonical":"https:\/\/peaksel.com\/sr\/poslovi\/","og_locale":"sr_RS","og_type":"article","og_title":"Posao u Peaksel-u - Prijavi se! | Poslovi IT sektor Nis","og_description":"Prijavi se za posao u Peaksel-u - pusti nam CV! Informacije o firmi, pozicijama i procesu apliciranja.","og_url":"https:\/\/peaksel.com\/sr\/poslovi\/","og_site_name":"Peaksel","article_modified_time":"2023-02-07T09:22:46+00:00","twitter_card":"summary_large_image","twitter_misc":{"\u041f\u0440\u043e\u0446\u0435\u045a\u0435\u043d\u043e \u0432\u0440\u0435\u043c\u0435 \u0447\u0438\u0442\u0430\u045a\u0430":"2 \u043c\u0438\u043d\u0443\u0442\u0430"},"schema":{"@context":"https:\/\/schema.org","@graph":[{"@type":"WebPage","@id":"https:\/\/peaksel.com\/sr\/poslovi\/","url":"https:\/\/peaksel.com\/sr\/poslovi\/","name":"Posao u Peaksel-u - Prijavi se! | Poslovi IT sektor Nis","isPartOf":{"@id":"https:\/\/peaksel.com\/sr\/#website"},"datePublished":"2013-04-12T11:54:03+00:00","dateModified":"2023-02-07T09:22:46+00:00","description":"Prijavi se za posao u Peaksel-u - pusti nam CV! Informacije o firmi, pozicijama i procesu apliciranja.","breadcrumb":{"@id":"https:\/\/peaksel.com\/sr\/poslovi\/#breadcrumb"},"inLanguage":"sr-RS","potentialAction":[{"@type":"ReadAction","target":["https:\/\/peaksel.com\/sr\/poslovi\/"]}]},{"@type":"BreadcrumbList","@id":"https:\/\/peaksel.com\/sr\/poslovi\/#breadcrumb","itemListElement":[{"@type":"ListItem","position":1,"name":"Home","item":"https:\/\/peaksel.com\/sr\/"},{"@type":"ListItem","position":2,"name":"Poslovi"}]},{"@type":"WebSite","@id":"https:\/\/peaksel.com\/sr\/#website","url":"https:\/\/peaksel.com\/sr\/","name":"Peaksel","description":"","potentialAction":[{"@type":"SearchAction","target":{"@type":"EntryPoint","urlTemplate":"https:\/\/peaksel.com\/sr\/?s={search_term_string}"},"query-input":{"@type":"PropertyValueSpecification","valueRequired":true,"valueName":"search_term_string"}}],"inLanguage":"sr-RS"}]}},"jetpack_shortlink":"https:\/\/wp.me\/Pd06c6-I4","jetpack_sharing_enabled":true,"_links":{"self":[{"href":"https:\/\/peaksel.com\/sr\/wp-json\/wp\/v2\/pages\/2732","targetHints":{"allow":["GET"]}}],"collection":[{"href":"https:\/\/peaksel.com\/sr\/wp-json\/wp\/v2\/pages"}],"about":[{"href":"https:\/\/peaksel.com\/sr\/wp-json\/wp\/v2\/types\/page"}],"author":[{"embeddable":true,"href":"https:\/\/peaksel.com\/sr\/wp-json\/wp\/v2\/users\/9"}],"replies":[{"embeddable":true,"href":"https:\/\/peaksel.com\/sr\/wp-json\/wp\/v2\/comments?post=2732"}],"version-history":[{"count":6,"href":"https:\/\/peaksel.com\/sr\/wp-json\/wp\/v2\/pages\/2732\/revisions"}],"predecessor-version":[{"id":22107,"href":"https:\/\/peaksel.com\/sr\/wp-json\/wp\/v2\/pages\/2732\/revisions\/22107"}],"wp:attachment":[{"href":"https:\/\/peaksel.com\/sr\/wp-json\/wp\/v2\/media?parent=2732"}],"curies":[{"name":"wp","href":"https:\/\/api.w.org\/{rel}","templated":true}]}}